{"id":3,"date":"2022-12-06T08:20:41","date_gmt":"2022-12-06T07:20:41","guid":{"rendered":"https:\/\/eit-digital.pl\/?page_id=3"},"modified":"2026-02-24T12:15:15","modified_gmt":"2026-02-24T11:15:15","slug":"polityka-prywatnosci","status":"publish","type":"page","link":"https:\/\/eit-digital.pl\/en\/polityka-prywatnosci\/","title":{"rendered":"Privacy Policy"},"content":{"rendered":"<style>\n        a.cky-banner-element {\n            padding: 8px 30px;\n            background: #F8F9FA;\n            color: #858A8F;\n            border: 1px solid #DEE2E6;\n            box-sizing: border-box;\n            border-radius: 2px;\n            cursor: pointer;\n            display: inline-block;\n        }\n\n        \/* Fix for long link wrapping *\/\n        a {\n            word-break: break-all;\n            overflow-wrap: break-word;\n        }\n\n        \/* Container constraint so links have a boundary to break against *\/\n        div, p {\n            max-width: 100%;\n            overflow-wrap: break-word;\n            word-wrap: break-word;\n        }\n<\/style>\n<p>\nEffective Date: 18.04.2024<\/br>\nLast Updated: 18.04.2024\n<\/p>\n\n&nbsp;\n<h2>What are cookies?<\/h2>\n<div class=\"cookie-policy-p\"><p>This Cookie Policy explains what cookies are and how we use them, the types of cookies we use i.e, the information we collect using cookies and how that information is used, and how to manage the cookie settings.<\/p> <p>Cookies are small text files that are used to store small pieces of information. They are stored on your device when the website is loaded on your browser. These cookies help us make the website function properly, make it more secure, provide better user experience, and understand how the website performs and to analyze what works and where it needs improvement.<\/p><\/div>\n\n&nbsp;\n<h2>How do we use cookies?<\/h2>\n<div class=\"cookie-policy-p\"><p>As most of the online services, our website uses first-party and third-party cookies for several purposes. First-party cookies are mostly necessary for the website to function the right way, and they do not collect any of your personally identifiable data.\n\n<\/p> <p>The third-party cookies used on our website are mainly for understanding how the website performs, how you interact with our website, keeping our services secure, providing advertisements that are relevant to you, and all in all providing you with a better and improved user experience and help speed up your future interactions with our website.<\/p><\/div>\n\n&nbsp;\n    <h2>Types of Cookies we use\n\n<\/h2>\n\n    <div class=\"cky-audit-table-element\"><\/div>\n\n&nbsp;\n    <h2 style=\"margin-bottom:20px;\">Manage cookie preferences<\/h2>\n\n    <a class=\"cky-banner-element\">Cookie Settings<\/a> <br\/><br\/><br\/>\n\n    <div><p>You can change your cookie preferences any time by clicking the above button. This will let you revisit the cookie consent banner and change your preferences or withdraw your consent right away.<\/p>\n\n<\/br>\n\n<p>In addition to this, different browsers provide different methods to block and delete cookies used by websites. You can change the settings of your browser to block\/delete the cookies. Listed below are the links to the support documents on how to manage and delete cookies from the major web browsers.<\/br>\n<\/p> \n\n<p>Chrome: <a href=\"https:\/\/support.google.com\/accounts\/answer\/32050\" target=\"_blank\" rel=\"noopener\">https:\/\/support.google.com\/accounts\/answer\/32050<\/a><\/p><\/br>\n\n<p>Safari: <a href=\"https:\/\/support.apple.com\/en-in\/guide\/safari\/sfri11471\/mac\" target=\"_blank\" rel=\"noopener\">https:\/\/support.apple.com\/en-in\/guide\/safari\/sfri11471\/mac<\/a><\/p><\/br>\n\n<p>Firefox: <a href=\"https:\/\/support.mozilla.org\/en-US\/kb\/clear-cookies-and-site-data-firefox?redirectslug=delete-cookies-remove-info-websites-stored&amp;redirectlocale=en-US\" target=\"_blank\" rel=\"noopener\">https:\/\/support.mozilla.org\/en-US\/kb\/clear-cookies-and-site-data-firefox?redirectslug=delete-cookies-remove-info-websites-stored&redirectlocale=en-US<\/a><\/p><\/br>\n\n<p>Internet Explorer: <a href=\"https:\/\/support.microsoft.com\/en-us\/topic\/how-to-delete-cookie-files-in-internet-explorer-bca9446f-d873-78de-77ba-d42645fa52fc\" target=\"_blank\" rel=\"noopener\">https:\/\/support.microsoft.com\/en-us\/topic\/how-to-delete-cookie-files-in-internet-explorer-bca9446f-d873-78de-77ba-d42645fa52fc<\/a><\/p><\/br>\n\n<p>If you are using any other web browser, please visit your browser\u2019s official support documents.<\/p><\/div>","protected":false},"excerpt":{"rendered":"<p>Data wej\u015bcia w \u017cycie: 18 kwietnia 2024 roku Ostatnia aktualizacja: 18 kwietnia 2024 roku &nbsp; Co to s\u0105 ciasteczka? Niniejsza Polityka dotycz\u0105ca ciasteczek wyja\u015bnia, czym s\u0105 ciasteczka i jak je wykorzystujemy, jakie rodzaje ciasteczek stosujemy, tj. informacje, kt\u00f3re zbieramy za pomoc\u0105 ciasteczek i w jaki spos\u00f3b te informacje s\u0105 wykorzystywane, oraz jak zarz\u0105dza\u0107 ustawieniami ciasteczek. [&hellip;]<\/p>\n","protected":false},"author":1,"featured_media":0,"parent":0,"menu_order":0,"comment_status":"closed","ping_status":"closed","template":"","meta":{"_acf_changed":false,"inline_featured_image":false,"footnotes":""},"class_list":["post-3","page","type-page","status-publish","hentry"],"acf":[],"_links":{"self":[{"href":"https:\/\/eit-digital.pl\/en\/wp-json\/wp\/v2\/pages\/3","targetHints":{"allow":["GET"]}}],"collection":[{"href":"https:\/\/eit-digital.pl\/en\/wp-json\/wp\/v2\/pages"}],"about":[{"href":"https:\/\/eit-digital.pl\/en\/wp-json\/wp\/v2\/types\/page"}],"author":[{"embeddable":true,"href":"https:\/\/eit-digital.pl\/en\/wp-json\/wp\/v2\/users\/1"}],"replies":[{"embeddable":true,"href":"https:\/\/eit-digital.pl\/en\/wp-json\/wp\/v2\/comments?post=3"}],"version-history":[{"count":8,"href":"https:\/\/eit-digital.pl\/en\/wp-json\/wp\/v2\/pages\/3\/revisions"}],"predecessor-version":[{"id":198,"href":"https:\/\/eit-digital.pl\/en\/wp-json\/wp\/v2\/pages\/3\/revisions\/198"}],"wp:attachment":[{"href":"https:\/\/eit-digital.pl\/en\/wp-json\/wp\/v2\/media?parent=3"}],"curies":[{"name":"wp","href":"https:\/\/api.w.org\/{rel}","templated":true}]}}